{"id":51,"date":"2016-08-01T10:44:03","date_gmt":"2016-08-01T08:44:03","guid":{"rendered":"http:\/\/uz-ernaehrungsinfo.de\/?page_id=51"},"modified":"2020-02-05T22:01:54","modified_gmt":"2020-02-05T20:01:54","slug":"dienstleistungen","status":"publish","type":"page","link":"https:\/\/uz-ernaehrungsinfo.de\/?page_id=51","title":{"rendered":"Angebot"},"content":{"rendered":"<div id=\"pl-51\"  class=\"panel-layout\" ><div id=\"pg-51-0\"  class=\"panel-grid panel-no-style\" ><div id=\"pgc-51-0-0\"  class=\"panel-grid-cell\" ><div id=\"panel-51-0-0-0\" class=\"so-panel widget widget_sow-editor panel-first-child\" data-index=\"0\" ><div\n\t\t\t\n\t\t\tclass=\"so-widget-sow-editor so-widget-sow-editor-base\"\n\t\t\t\n\t\t>\n<div class=\"siteorigin-widget-tinymce textwidget\">\n\t<h3>Dienstleistungen<\/h3>\n<p>&nbsp;<\/p>\n<p><img decoding=\"async\" class=\"size-full wp-image-757 alignleft\" src=\"http:\/\/uz-ernaehrungsinfo.de\/wp-content\/uploads\/UZ_Herz_rgb-e1580931234293.png\" alt=\"\" width=\"20\" height=\"20\" \/>Medizinische Ern\u00e4hrungsberatung und -schulung<\/p>\n<p><img decoding=\"async\" class=\"size-full wp-image-757 alignleft\" src=\"http:\/\/uz-ernaehrungsinfo.de\/wp-content\/uploads\/UZ_Herz_rgb-e1580931234293.png\" alt=\"\" width=\"20\" height=\"20\" \/>Ganzheitliche Allergiediagnostik<\/p>\n<p><img decoding=\"async\" class=\"size-full wp-image-757 alignleft\" src=\"http:\/\/uz-ernaehrungsinfo.de\/wp-content\/uploads\/UZ_Herz_rgb-e1580931234293.png\" alt=\"\" width=\"20\" height=\"20\" \/>Betreuung bei Stoffwechselst\u00f6rungen und -erkrankungen<\/p>\n<p><img decoding=\"async\" class=\"size-full wp-image-757 alignleft\" src=\"http:\/\/uz-ernaehrungsinfo.de\/wp-content\/uploads\/UZ_Herz_rgb-e1580931234293.png\" alt=\"\" width=\"20\" height=\"20\" \/>Mikron\u00e4hrstoff-Therapie, Orthomolekulare Therapie<\/p>\n<p><img decoding=\"async\" class=\"size-full wp-image-757 alignleft\" src=\"http:\/\/uz-ernaehrungsinfo.de\/wp-content\/uploads\/UZ_Herz_rgb-e1580931234293.png\" alt=\"\" width=\"20\" height=\"20\" \/>Darmaufbau-Therapien, Darmsymbioselenkung<\/p>\n<p><img decoding=\"async\" class=\"size-full wp-image-757 alignleft\" src=\"http:\/\/uz-ernaehrungsinfo.de\/wp-content\/uploads\/UZ_Herz_rgb-e1580931234293.png\" alt=\"\" width=\"20\" height=\"20\" \/>BIA-Messung - Bestimmung der K\u00f6rpermasse\/-zusammensetzung<\/p>\n<p><img decoding=\"async\" class=\"size-full wp-image-757 alignleft\" src=\"http:\/\/uz-ernaehrungsinfo.de\/wp-content\/uploads\/UZ_Herz_rgb-e1580931234293.png\" alt=\"\" width=\"20\" height=\"20\" \/>Mentaltraining zur Verhaltens\u00e4nderung<\/p>\n<p>(v.a. bei falschen, einseitigen Ern\u00e4hrungsgewohnheiten, Essst\u00f6rungen)<\/p>\n<p><img decoding=\"async\" class=\"size-full wp-image-757 alignleft\" src=\"http:\/\/uz-ernaehrungsinfo.de\/wp-content\/uploads\/UZ_Herz_rgb-e1580931234293.png\" alt=\"\" width=\"20\" height=\"20\" \/>Bachbl\u00fcten-Therapie<\/p>\n<p><img decoding=\"async\" class=\"size-full wp-image-757 alignleft\" src=\"http:\/\/uz-ernaehrungsinfo.de\/wp-content\/uploads\/UZ_Herz_rgb-e1580931234293.png\" alt=\"\" width=\"20\" height=\"20\" \/>Kinesiologie<\/p>\n<p><img decoding=\"async\" class=\"size-full wp-image-757 alignleft\" src=\"http:\/\/uz-ernaehrungsinfo.de\/wp-content\/uploads\/UZ_Herz_rgb-e1580931234293.png\" alt=\"\" width=\"20\" height=\"20\" \/>Erweiterte \u00e4rztliche Diagnostik (Dr. med. Ulrich Kraft, Ern\u00e4hrungsmedizin)<\/p>\n<\/div>\n<\/div><\/div><div id=\"panel-51-0-0-1\" class=\"so-panel widget widget_sow-editor panel-last-child\" data-index=\"1\" ><div\n\t\t\t\n\t\t\tclass=\"so-widget-sow-editor so-widget-sow-editor-base\"\n\t\t\t\n\t\t>\n<div class=\"siteorigin-widget-tinymce textwidget\">\n\t<h3>Betriebliche Gesundheitsf\u00f6rderung<\/h3>\n<p style=\"text-align: left;\"><img decoding=\"async\" class=\"size-full wp-image-760 alignleft\" src=\"http:\/\/uz-ernaehrungsinfo.de\/wp-content\/uploads\/UZ_Kreis_rgb-e1580931791289.png\" alt=\"\" width=\"17\" height=\"18\" \/>Planung und Durchf\u00fchrung von Gesundheitstagen<\/p>\n<p>Wo<img decoding=\"async\" class=\"size-full wp-image-760 alignleft\" src=\"http:\/\/uz-ernaehrungsinfo.de\/wp-content\/uploads\/UZ_Kreis_rgb-e1580931791289.png\" alt=\"\" width=\"17\" height=\"18\" \/>rkshops<\/p>\n<p>Im<img decoding=\"async\" class=\"size-full wp-image-760 alignleft\" src=\"http:\/\/uz-ernaehrungsinfo.de\/wp-content\/uploads\/UZ_Kreis_rgb-e1580931791289.png\" alt=\"\" width=\"17\" height=\"18\" \/>pulsvortr\u00e4ge<\/p>\n<p>Sto<img decoding=\"async\" class=\"size-full wp-image-760 alignleft\" src=\"http:\/\/uz-ernaehrungsinfo.de\/wp-content\/uploads\/UZ_Kreis_rgb-e1580931791289.png\" alt=\"\" width=\"17\" height=\"18\" \/>ffwechsel-Check Ups<\/p>\n<p>Ou<img decoding=\"async\" class=\"size-full wp-image-760 alignleft\" src=\"http:\/\/uz-ernaehrungsinfo.de\/wp-content\/uploads\/UZ_Kreis_rgb-e1580931791289.png\" alt=\"\" width=\"17\" height=\"18\" \/>tdoor + Indoor-Events mit Kooperationspartnern<\/p>\n<\/div>\n<\/div><\/div><\/div><div id=\"pgc-51-0-1\"  class=\"panel-grid-cell\" ><div id=\"panel-51-0-1-0\" class=\"so-panel widget widget_sow-editor panel-first-child panel-last-child\" data-index=\"2\" ><div\n\t\t\t\n\t\t\tclass=\"so-widget-sow-editor so-widget-sow-editor-base\"\n\t\t\t\n\t\t>\n<div class=\"siteorigin-widget-tinymce textwidget\">\n\t<h3>Beratung<\/h3>\n<p><img decoding=\"async\" class=\"size-full wp-image-757 alignleft\" src=\"http:\/\/uz-ernaehrungsinfo.de\/wp-content\/uploads\/UZ_Herz_rgb-e1580931234293.png\" alt=\"\" width=\"20\" height=\"20\" \/>S\u00e4uglingsern\u00e4hrung - Beikosteinf\u00fchrung<\/p>\n<p><img decoding=\"async\" class=\"size-full wp-image-757 alignleft\" src=\"http:\/\/uz-ernaehrungsinfo.de\/wp-content\/uploads\/UZ_Herz_rgb-e1580931234293.png\" alt=\"\" width=\"20\" height=\"20\" \/>Schluckst\u00f6rungen - Esstraining<\/p>\n<p><img decoding=\"async\" class=\"size-full wp-image-757 alignleft\" src=\"http:\/\/uz-ernaehrungsinfo.de\/wp-content\/uploads\/UZ_Herz_rgb-e1580931234293.png\" alt=\"\" width=\"20\" height=\"20\" \/>Nahrungsmittelallergien<\/p>\n<p><img decoding=\"async\" class=\"size-full wp-image-757 alignleft\" src=\"http:\/\/uz-ernaehrungsinfo.de\/wp-content\/uploads\/UZ_Herz_rgb-e1580931234293.png\" alt=\"\" width=\"20\" height=\"20\" \/>Histamin-, Laktose-, Fruktoseintoleranz<\/p>\n<p><img decoding=\"async\" class=\"size-full wp-image-757 alignleft\" src=\"http:\/\/uz-ernaehrungsinfo.de\/wp-content\/uploads\/UZ_Herz_rgb-e1580931234293.png\" alt=\"\" width=\"20\" height=\"20\" \/>Glutenunvertr\u00e4glichkeit\u00a0 -\u00a0 Z\u00f6liakie<\/p>\n<p><img decoding=\"async\" class=\"size-full wp-image-757 alignleft\" src=\"http:\/\/uz-ernaehrungsinfo.de\/wp-content\/uploads\/UZ_Herz_rgb-e1580931234293.png\" alt=\"\" width=\"20\" height=\"20\" \/>\u00dcbers\u00e4uerung\u00a0 -\u00a0 S\u00e4ure-Basen-Ausgleich\u00a0 -\u00a0 Entschlackung<\/p>\n<p><img decoding=\"async\" class=\"size-full wp-image-757 alignleft\" src=\"http:\/\/uz-ernaehrungsinfo.de\/wp-content\/uploads\/UZ_Herz_rgb-e1580931234293.png\" alt=\"\" width=\"20\" height=\"20\" \/>\u00dcbergewicht<\/p>\n<p><img decoding=\"async\" class=\"size-full wp-image-757 alignleft\" src=\"http:\/\/uz-ernaehrungsinfo.de\/wp-content\/uploads\/UZ_Herz_rgb-e1580931234293.png\" alt=\"\" width=\"20\" height=\"20\" \/>Metabolisches Syndrom\u00a0 -\u00a0 Bluthochdruck -\u00a0 Diabetes mellitus<\/p>\n<p><img decoding=\"async\" class=\"size-full wp-image-757 alignleft\" src=\"http:\/\/uz-ernaehrungsinfo.de\/wp-content\/uploads\/UZ_Herz_rgb-e1580931234293.png\" alt=\"\" width=\"20\" height=\"20\" \/>Fettstoffwechselst\u00f6rungen<\/p>\n<p><img decoding=\"async\" class=\"size-full wp-image-757 alignleft\" src=\"http:\/\/uz-ernaehrungsinfo.de\/wp-content\/uploads\/UZ_Herz_rgb-e1580931234293.png\" alt=\"\" width=\"20\" height=\"20\" \/>Magen-Darm-Erkrankungen<\/p>\n<p><img decoding=\"async\" class=\"size-full wp-image-757 alignleft\" src=\"http:\/\/uz-ernaehrungsinfo.de\/wp-content\/uploads\/UZ_Herz_rgb-e1580931234293.png\" alt=\"\" width=\"20\" height=\"20\" \/>Rheumatische Beschwerden\/Erkrankungen\u00a0 -\u00a0 Gicht<\/p>\n<p>&nbsp;<\/p>\n<p><img decoding=\"async\" class=\"size-full wp-image-757 alignleft\" src=\"http:\/\/uz-ernaehrungsinfo.de\/wp-content\/uploads\/UZ_Herz_rgb-e1580931234293.png\" alt=\"\" width=\"20\" height=\"20\" \/>ADS\/ ADHS Problematik<\/p>\n<p><img decoding=\"async\" class=\"size-full wp-image-757 alignleft\" src=\"http:\/\/uz-ernaehrungsinfo.de\/wp-content\/uploads\/UZ_Herz_rgb-e1580931234293.png\" alt=\"\" width=\"20\" height=\"20\" \/>Unterst\u00fctzende Ern\u00e4hrungstherapie bei Autismus\/-spektrumst\u00f6rungen<\/p>\n<\/div>\n<\/div><\/div><\/div><\/div><div id=\"pg-51-1\"  class=\"panel-grid panel-no-style\" ><div id=\"pgc-51-1-0\"  class=\"panel-grid-cell\" ><div id=\"panel-51-1-0-0\" class=\"so-panel widget widget_sow-editor panel-first-child panel-last-child\" data-index=\"3\" ><div\n\t\t\t\n\t\t\tclass=\"so-widget-sow-editor so-widget-sow-editor-base\"\n\t\t\t\n\t\t>\n<div class=\"siteorigin-widget-tinymce textwidget\">\n\t<h6 style=\"text-align: center;\"><em>Man soll dem Leib<\/em><br \/>\n<em>etwas Gutes bereiten,<\/em><br \/>\n<em>damit die Seele<\/em><br \/>\n<em>Lust hat darin<\/em><em> zu woh<\/em><em>nen<\/em><em><img decoding=\"async\" class=\"aligncenter size-full wp-image-765\" src=\"http:\/\/uz-ernaehrungsinfo.de\/wp-content\/uploads\/UZ_Baum_rgb-2-e1580932393666.png\" alt=\"\" width=\"200\" height=\"220\" \/><\/em><em>\u00a0- Winston Churchill -<br \/>\n<\/em><\/h6>\n<\/div>\n<\/div><\/div><\/div><\/div><div id=\"pg-51-2\"  class=\"panel-grid panel-no-style\" ><div id=\"pgc-51-2-0\"  class=\"panel-grid-cell\" ><div id=\"panel-51-2-0-0\" class=\"so-panel widget widget_sow-editor panel-first-child panel-last-child\" data-index=\"4\" ><div\n\t\t\t\n\t\t\tclass=\"so-widget-sow-editor so-widget-sow-editor-base\"\n\t\t\t\n\t\t>\n<div class=\"siteorigin-widget-tinymce textwidget\">\n\t<h3>Kurse<\/h3>\n<p><img decoding=\"async\" class=\"size-full wp-image-760 alignleft\" src=\"http:\/\/uz-ernaehrungsinfo.de\/wp-content\/uploads\/UZ_Kreis_rgb-e1580931791289.png\" alt=\"\" width=\"17\" height=\"18\" \/>\u00a0Kochkurse f\u00fcr klein und gro\u00df (mit unterschiedlichen Schwerpunkten)<\/p>\n<p><img loading=\"lazy\" loading=\"lazy\" decoding=\"async\" class=\" wp-image-760 alignleft\" src=\"http:\/\/uz-ernaehrungsinfo.de\/wp-content\/uploads\/UZ_Kreis_rgb-e1580931791289.png\" alt=\"\" width=\"17\" height=\"18\" \/>\u00a0Gesund bleiben\u00a0 - Wohlf\u00fchlen (Kursabende zu\u00a0 Ern\u00e4hrungsthemen), Pr\u00e4vention<\/p>\n<p><img decoding=\"async\" class=\"size-full wp-image-760 alignleft\" src=\"http:\/\/uz-ernaehrungsinfo.de\/wp-content\/uploads\/UZ_Kreis_rgb-e1580931791289.png\" alt=\"\" width=\"17\" height=\"18\" \/>\u00a0Einkaufstraining<\/p>\n<p><img decoding=\"async\" class=\"size-full wp-image-760 alignleft\" src=\"http:\/\/uz-ernaehrungsinfo.de\/wp-content\/uploads\/UZ_Kreis_rgb-e1580931791289.png\" alt=\"\" width=\"17\" height=\"18\" \/>\u00a0Darmgesundheit - Darmsanierung<\/p>\n<p><img decoding=\"async\" class=\"size-full wp-image-760 alignleft\" src=\"http:\/\/uz-ernaehrungsinfo.de\/wp-content\/uploads\/UZ_Kreis_rgb-e1580931791289.png\" alt=\"\" width=\"17\" height=\"18\" \/>\u00a0Mentaltraining<\/p>\n<p><img decoding=\"async\" class=\"size-full wp-image-760 alignleft\" src=\"http:\/\/uz-ernaehrungsinfo.de\/wp-content\/uploads\/UZ_Kreis_rgb-e1580931791289.png\" alt=\"\" width=\"17\" height=\"18\" \/>\u00a0Erlebnisparcours zur Sinneswahrnehmung und Achtsamkeit beim Essen<\/p>\n<p><img decoding=\"async\" class=\"size-full wp-image-760 alignleft\" src=\"http:\/\/uz-ernaehrungsinfo.de\/wp-content\/uploads\/UZ_Kreis_rgb-e1580931791289.png\" alt=\"\" width=\"17\" height=\"18\" \/>\u00a0Elterntraining - Rund ums Essen<\/p>\n<p><img decoding=\"async\" class=\"size-full wp-image-760 alignleft\" src=\"http:\/\/uz-ernaehrungsinfo.de\/wp-content\/uploads\/UZ_Kreis_rgb-e1580931791289.png\" alt=\"\" width=\"17\" height=\"18\" \/>\u00a0Fortbildungen Kinderern\u00e4hrung - Ern\u00e4hrungserziehung f\u00fcr Kinderg\u00e4rten, Kindertagesst\u00e4tten<\/p>\n<p><img decoding=\"async\" class=\"size-full wp-image-760 alignleft\" src=\"http:\/\/uz-ernaehrungsinfo.de\/wp-content\/uploads\/UZ_Kreis_rgb-e1580931791289.png\" alt=\"\" width=\"17\" height=\"18\" \/>\u00a0Thermomix\u00ae - Kochanleitung (z.B. gesunde Basisern\u00e4hrung, Karenzkost\u00a0 milch-,ei-, glutenfrei ...)<\/p>\n<p><img decoding=\"async\" class=\"size-full wp-image-760 alignleft\" src=\"http:\/\/uz-ernaehrungsinfo.de\/wp-content\/uploads\/UZ_Kreis_rgb-e1580931791289.png\" alt=\"\" width=\"17\" height=\"18\" \/>\u00a0Hygieneschulungen - Folgebelehrung (HACCP-Konzept)<\/p>\n<p><img decoding=\"async\" class=\"size-full wp-image-760 alignleft\" src=\"http:\/\/uz-ernaehrungsinfo.de\/wp-content\/uploads\/UZ_Kreis_rgb-e1580931791289.png\" alt=\"\" width=\"17\" height=\"18\" \/>\u00a0Weitere Kursthemen auf Anfrage !!!<\/p>\n<p>&nbsp;<\/p>\n<p>&nbsp;<\/p>\n<p>&nbsp;<\/p>\n<\/div>\n<\/div><\/div><\/div><\/div><div id=\"pg-51-3\"  class=\"panel-grid panel-no-style\" ><div id=\"pgc-51-3-0\"  class=\"panel-grid-cell\" ><div id=\"panel-51-3-0-0\" class=\"so-panel widget widget_sow-editor panel-first-child panel-last-child\" data-index=\"5\" ><div\n\t\t\t\n\t\t\tclass=\"so-widget-sow-editor so-widget-sow-editor-base\"\n\t\t\t\n\t\t>\n<div class=\"siteorigin-widget-tinymce textwidget\">\n\t<h6 style=\"text-align: center;\"><em>Mit Seele und Geist ist es<br \/>\n<\/em><em>wie mit Magen und Darm:<br \/>\n<\/em><em>Man kann ihnen nur Dinge zumuten,<br \/>\n<\/em><em>die sie verdauen k\u00f6nnen.<\/em><img decoding=\"async\" class=\"aligncenter size-full wp-image-765\" src=\"http:\/\/uz-ernaehrungsinfo.de\/wp-content\/uploads\/UZ_Baum_rgb-2-e1580932393666.png\" alt=\"\" width=\"200\" height=\"220\" \/><em>\u00a0frei n. Winston Churchill<\/em><\/h6>\n<\/div>\n<\/div><\/div><\/div><\/div><\/div>","protected":false},"excerpt":{"rendered":"<p>Dienstleistungen &nbsp; Medizinische Ern\u00e4hrungsberatung und -schulung Ganzheitliche Allergiediagnostik Betreuung bei Stoffwechselst\u00f6rungen und -erkrankungen Mikron\u00e4hrstoff-Therapie, Orthomolekulare Therapie Darmaufbau-Therapien, Darmsymbioselenkung BIA-Messung &#8211; Bestimmung der K\u00f6rpermasse\/-zusammensetzung Mentaltraining zur Verhaltens\u00e4nderung (v.a. bei falschen, einseitigen [&hellip;]<\/p>\n","protected":false},"author":1,"featured_media":0,"parent":0,"menu_order":0,"comment_status":"closed","ping_status":"closed","template":"templates\/template-full.php","meta":{"footnotes":""},"class_list":["post-51","page","type-page","status-publish","hentry"],"yoast_head":"<!-- This site is optimized with the Yoast SEO plugin v27.3 - https:\/\/yoast.com\/product\/yoast-seo-wordpress\/ -->\n<title>Angebot - Ursula Zimmermann - Ern\u00e4hrungsberatung und -therapie<\/title>\n<meta name=\"robots\" content=\"index, follow, max-snippet:-1, max-image-preview:large, max-video-preview:-1\" \/>\n<link rel=\"canonical\" href=\"https:\/\/uz-ernaehrungsinfo.de\/?page_id=51\" \/>\n<meta property=\"og:locale\" content=\"de_DE\" \/>\n<meta property=\"og:type\" content=\"article\" \/>\n<meta property=\"og:title\" content=\"Angebot - Ursula Zimmermann - Ern\u00e4hrungsberatung und -therapie\" \/>\n<meta property=\"og:description\" content=\"Dienstleistungen &nbsp; Medizinische Ern\u00e4hrungsberatung und -schulung Ganzheitliche Allergiediagnostik Betreuung bei Stoffwechselst\u00f6rungen und -erkrankungen Mikron\u00e4hrstoff-Therapie, Orthomolekulare Therapie Darmaufbau-Therapien, Darmsymbioselenkung BIA-Messung - Bestimmung der K\u00f6rpermasse\/-zusammensetzung Mentaltraining zur Verhaltens\u00e4nderung (v.a. bei falschen, einseitigen [&hellip;]\" \/>\n<meta property=\"og:url\" content=\"https:\/\/uz-ernaehrungsinfo.de\/?page_id=51\" \/>\n<meta property=\"og:site_name\" content=\"Ursula Zimmermann - Ern\u00e4hrungsberatung und -therapie\" \/>\n<meta property=\"article:modified_time\" content=\"2020-02-05T20:01:54+00:00\" \/>\n<meta property=\"og:image\" content=\"http:\/\/uz-ernaehrungsinfo.de\/wp-content\/uploads\/UZ_Herz_rgb-e1580931234293.png\" \/>\n<meta name=\"twitter:card\" content=\"summary_large_image\" \/>\n<meta name=\"twitter:label1\" content=\"Gesch\u00e4tzte Lesezeit\" \/>\n\t<meta name=\"twitter:data1\" content=\"1\u00a0Minute\" \/>\n<script type=\"application\/ld+json\" class=\"yoast-schema-graph\">{\"@context\":\"https:\\\/\\\/schema.org\",\"@graph\":[{\"@type\":\"WebPage\",\"@id\":\"https:\\\/\\\/uz-ernaehrungsinfo.de\\\/?page_id=51\",\"url\":\"https:\\\/\\\/uz-ernaehrungsinfo.de\\\/?page_id=51\",\"name\":\"Angebot - Ursula Zimmermann - Ern\u00e4hrungsberatung und -therapie\",\"isPartOf\":{\"@id\":\"https:\\\/\\\/uz-ernaehrungsinfo.de\\\/#website\"},\"primaryImageOfPage\":{\"@id\":\"https:\\\/\\\/uz-ernaehrungsinfo.de\\\/?page_id=51#primaryimage\"},\"image\":{\"@id\":\"https:\\\/\\\/uz-ernaehrungsinfo.de\\\/?page_id=51#primaryimage\"},\"thumbnailUrl\":\"http:\\\/\\\/uz-ernaehrungsinfo.de\\\/wp-content\\\/uploads\\\/UZ_Herz_rgb-e1580931234293.png\",\"datePublished\":\"2016-08-01T08:44:03+00:00\",\"dateModified\":\"2020-02-05T20:01:54+00:00\",\"breadcrumb\":{\"@id\":\"https:\\\/\\\/uz-ernaehrungsinfo.de\\\/?page_id=51#breadcrumb\"},\"inLanguage\":\"de\",\"potentialAction\":[{\"@type\":\"ReadAction\",\"target\":[\"https:\\\/\\\/uz-ernaehrungsinfo.de\\\/?page_id=51\"]}]},{\"@type\":\"ImageObject\",\"inLanguage\":\"de\",\"@id\":\"https:\\\/\\\/uz-ernaehrungsinfo.de\\\/?page_id=51#primaryimage\",\"url\":\"http:\\\/\\\/uz-ernaehrungsinfo.de\\\/wp-content\\\/uploads\\\/UZ_Herz_rgb-e1580931234293.png\",\"contentUrl\":\"http:\\\/\\\/uz-ernaehrungsinfo.de\\\/wp-content\\\/uploads\\\/UZ_Herz_rgb-e1580931234293.png\"},{\"@type\":\"BreadcrumbList\",\"@id\":\"https:\\\/\\\/uz-ernaehrungsinfo.de\\\/?page_id=51#breadcrumb\",\"itemListElement\":[{\"@type\":\"ListItem\",\"position\":1,\"name\":\"Startseite\",\"item\":\"https:\\\/\\\/uz-ernaehrungsinfo.de\\\/\"},{\"@type\":\"ListItem\",\"position\":2,\"name\":\"Angebot\"}]},{\"@type\":\"WebSite\",\"@id\":\"https:\\\/\\\/uz-ernaehrungsinfo.de\\\/#website\",\"url\":\"https:\\\/\\\/uz-ernaehrungsinfo.de\\\/\",\"name\":\"Ursula Zimmermann - Ern\u00e4hrungsberatung und -therapie\",\"description\":\"Ursula Zimmermann - Ern\u00e4hrungsberatung und -therapie\",\"potentialAction\":[{\"@type\":\"SearchAction\",\"target\":{\"@type\":\"EntryPoint\",\"urlTemplate\":\"https:\\\/\\\/uz-ernaehrungsinfo.de\\\/?s={search_term_string}\"},\"query-input\":{\"@type\":\"PropertyValueSpecification\",\"valueRequired\":true,\"valueName\":\"search_term_string\"}}],\"inLanguage\":\"de\"}]}<\/script>\n<!-- \/ Yoast SEO plugin. -->","yoast_head_json":{"title":"Angebot - Ursula Zimmermann - Ern\u00e4hrungsberatung und -therapie","robots":{"index":"index","follow":"follow","max-snippet":"max-snippet:-1","max-image-preview":"max-image-preview:large","max-video-preview":"max-video-preview:-1"},"canonical":"https:\/\/uz-ernaehrungsinfo.de\/?page_id=51","og_locale":"de_DE","og_type":"article","og_title":"Angebot - Ursula Zimmermann - Ern\u00e4hrungsberatung und -therapie","og_description":"Dienstleistungen &nbsp; Medizinische Ern\u00e4hrungsberatung und -schulung Ganzheitliche Allergiediagnostik Betreuung bei Stoffwechselst\u00f6rungen und -erkrankungen Mikron\u00e4hrstoff-Therapie, Orthomolekulare Therapie Darmaufbau-Therapien, Darmsymbioselenkung BIA-Messung - Bestimmung der K\u00f6rpermasse\/-zusammensetzung Mentaltraining zur Verhaltens\u00e4nderung (v.a. bei falschen, einseitigen [&hellip;]","og_url":"https:\/\/uz-ernaehrungsinfo.de\/?page_id=51","og_site_name":"Ursula Zimmermann - Ern\u00e4hrungsberatung und -therapie","article_modified_time":"2020-02-05T20:01:54+00:00","og_image":[{"url":"http:\/\/uz-ernaehrungsinfo.de\/wp-content\/uploads\/UZ_Herz_rgb-e1580931234293.png","type":"","width":"","height":""}],"twitter_card":"summary_large_image","twitter_misc":{"Gesch\u00e4tzte Lesezeit":"1\u00a0Minute"},"schema":{"@context":"https:\/\/schema.org","@graph":[{"@type":"WebPage","@id":"https:\/\/uz-ernaehrungsinfo.de\/?page_id=51","url":"https:\/\/uz-ernaehrungsinfo.de\/?page_id=51","name":"Angebot - Ursula Zimmermann - Ern\u00e4hrungsberatung und -therapie","isPartOf":{"@id":"https:\/\/uz-ernaehrungsinfo.de\/#website"},"primaryImageOfPage":{"@id":"https:\/\/uz-ernaehrungsinfo.de\/?page_id=51#primaryimage"},"image":{"@id":"https:\/\/uz-ernaehrungsinfo.de\/?page_id=51#primaryimage"},"thumbnailUrl":"http:\/\/uz-ernaehrungsinfo.de\/wp-content\/uploads\/UZ_Herz_rgb-e1580931234293.png","datePublished":"2016-08-01T08:44:03+00:00","dateModified":"2020-02-05T20:01:54+00:00","breadcrumb":{"@id":"https:\/\/uz-ernaehrungsinfo.de\/?page_id=51#breadcrumb"},"inLanguage":"de","potentialAction":[{"@type":"ReadAction","target":["https:\/\/uz-ernaehrungsinfo.de\/?page_id=51"]}]},{"@type":"ImageObject","inLanguage":"de","@id":"https:\/\/uz-ernaehrungsinfo.de\/?page_id=51#primaryimage","url":"http:\/\/uz-ernaehrungsinfo.de\/wp-content\/uploads\/UZ_Herz_rgb-e1580931234293.png","contentUrl":"http:\/\/uz-ernaehrungsinfo.de\/wp-content\/uploads\/UZ_Herz_rgb-e1580931234293.png"},{"@type":"BreadcrumbList","@id":"https:\/\/uz-ernaehrungsinfo.de\/?page_id=51#breadcrumb","itemListElement":[{"@type":"ListItem","position":1,"name":"Startseite","item":"https:\/\/uz-ernaehrungsinfo.de\/"},{"@type":"ListItem","position":2,"name":"Angebot"}]},{"@type":"WebSite","@id":"https:\/\/uz-ernaehrungsinfo.de\/#website","url":"https:\/\/uz-ernaehrungsinfo.de\/","name":"Ursula Zimmermann - Ern\u00e4hrungsberatung und -therapie","description":"Ursula Zimmermann - Ern\u00e4hrungsberatung und -therapie","potentialAction":[{"@type":"SearchAction","target":{"@type":"EntryPoint","urlTemplate":"https:\/\/uz-ernaehrungsinfo.de\/?s={search_term_string}"},"query-input":{"@type":"PropertyValueSpecification","valueRequired":true,"valueName":"search_term_string"}}],"inLanguage":"de"}]}},"_links":{"self":[{"href":"https:\/\/uz-ernaehrungsinfo.de\/index.php?rest_route=\/wp\/v2\/pages\/51","targetHints":{"allow":["GET"]}}],"collection":[{"href":"https:\/\/uz-ernaehrungsinfo.de\/index.php?rest_route=\/wp\/v2\/pages"}],"about":[{"href":"https:\/\/uz-ernaehrungsinfo.de\/index.php?rest_route=\/wp\/v2\/types\/page"}],"author":[{"embeddable":true,"href":"https:\/\/uz-ernaehrungsinfo.de\/index.php?rest_route=\/wp\/v2\/users\/1"}],"replies":[{"embeddable":true,"href":"https:\/\/uz-ernaehrungsinfo.de\/index.php?rest_route=%2Fwp%2Fv2%2Fcomments&post=51"}],"version-history":[{"count":51,"href":"https:\/\/uz-ernaehrungsinfo.de\/index.php?rest_route=\/wp\/v2\/pages\/51\/revisions"}],"predecessor-version":[{"id":1095,"href":"https:\/\/uz-ernaehrungsinfo.de\/index.php?rest_route=\/wp\/v2\/pages\/51\/revisions\/1095"}],"wp:attachment":[{"href":"https:\/\/uz-ernaehrungsinfo.de\/index.php?rest_route=%2Fwp%2Fv2%2Fmedia&parent=51"}],"curies":[{"name":"wp","href":"https:\/\/api.w.org\/{rel}","templated":true}]}}