{"id":439,"date":"2018-06-14T16:56:50","date_gmt":"2018-06-14T14:56:50","guid":{"rendered":"http:\/\/uz-ernaehrungsinfo.de\/?page_id=439"},"modified":"2020-08-08T12:47:42","modified_gmt":"2020-08-08T10:47:42","slug":"datenschutzerklaerung","status":"publish","type":"page","link":"https:\/\/uz-ernaehrungsinfo.de\/?page_id=439","title":{"rendered":"Datenschutzerkl\u00e4rung"},"content":{"rendered":"<p>Vertragliche Leistungen<\/p>\n<p>Ich verarbeite die Daten meiner Vertragspartner und Interessenten sowie anderer Auftraggeber, Kunden, Mandanten, Klienten oder Vertragspartner (einheitlich bezeichnet als \u201eVertragspartner\u201c) entsprechend Art. 6 Abs. 1 lit. b. DSGVO, um ihnen gegen\u00fcber meine vertraglichen oder vorvertraglichen Leistungen zu erbringen. Die hierbei verarbeiteten Daten, die Art, der Umfang und der Zweck und die Erforderlichkeit ihrer Verarbeitung, bestimmen sich nach dem zugrundeliegenden Vertragsverh\u00e4ltnis.<\/p>\n<p>Zu den verarbeiteten Daten geh\u00f6ren die Stammdaten meiner Vertragspartner (z.B., Namen und Adressen), Kontaktdaten (z.B. E-Mailadressen und Telefonnummern) sowie Vertragsdaten (z.B., in Anspruch genommene Leistungen, Vertragsinhalte, vertragliche Kommunikation, Namen von Kontaktpersonen) und Zahlungsdaten (z.B., Bankverbindungen, Zahlungshistorie).<\/p>\n<p>Besondere Kategorien personenbezogener Daten verarbeite ich grunds\u00e4tzlich nicht, au\u00dfer wenn diese Bestandteile einer beauftragten oder vertragsgem\u00e4\u00dfen Verarbeitung sind.<\/p>\n<p>Ich verarbeite Daten, die zur Begr\u00fcndung und Erf\u00fcllung der vertraglichen Leistungen erforderlich sind und weise auf die Erforderlichkeit ihrer Angabe, sofern diese f\u00fcr die Vertragspartner nicht evident ist, hin. Eine Offenlegung an externe Personen oder Unternehmen erfolgt nur, wenn sie im Rahmen eines Vertrags erforderlich ist. Bei der Verarbeitung der mir im Rahmen eines Auftrags \u00fcberlassenen Daten, handele ich entsprechend den Weisungen der Auftraggeber sowie der gesetzlichen Vorgaben.<\/p>\n<p>Im Rahmen der Inanspruchnahme meiner Onlinedienste, kann ich die IP-Adresse und den Zeitpunkt der jeweiligen Nutzerhandlung speichern. Die Speicherung erfolgt auf Grundlage meiner berechtigten Interessen, als auch der Interessen der Nutzer am Schutz vor Missbrauch und sonstiger unbefugter Nutzung. Eine Weitergabe dieser Daten an Dritte erfolgt grunds\u00e4tzlich nicht, au\u00dfer sie ist zur Verfolgung meiner Anspr\u00fcche gem. Art. 6 Abs. 1 lit. f. DSGVO erforderlich oder es besteht hierzu eine gesetzliche Verpflichtung gem. Art. 6 Abs. 1 lit. c. DSGVO.<\/p>\n<p>Die L\u00f6schung der Daten erfolgt, wenn die Daten zur Erf\u00fcllung vertraglicher oder gesetzlicher F\u00fcrsorgepflichten sowie f\u00fcr den Umgang mit etwaigen Gew\u00e4hrleistungs- und vergleichbaren Pflichten nicht mehr erforderlich sind, wobei die Erforderlichkeit der Aufbewahrung der Daten alle drei Jahre \u00fcberpr\u00fcft wird; im \u00dcbrigen gelten die gesetzlichen Aufbewahrungspflichten.<\/p>\n<p>Administration, Finanzbuchhaltung, B\u00fcroorganisation, Kontaktverwaltung<\/p>\n<p>Ich verarbeite Daten im Rahmen von Verwaltungsaufgaben sowie Organisation meines Betriebs, Finanzbuchhaltung und Befolgung der gesetzlichen Pflichten, wie z.B. der Archivierung. Hierbei verarbeite ich dieselben Daten, die ich im Rahmen der Erbringung meiner vertraglichen Leistungen verarbeite. Die Verarbeitungsgrundlagen sind Art. 6 Abs. 1 lit. c. DSGVO, Art. 6 Abs. 1 lit. f. DSGVO. Von der Verarbeitung sind Kunden, Interessenten, Gesch\u00e4ftspartner und Websitebesucher betroffen. Der Zweck und mein Interesse an der Verarbeitung liegt in der Administration, Finanzbuchhaltung, B\u00fcroorganisation, Archivierung von Daten, also Aufgaben die der Aufrechterhaltung meiner Gesch\u00e4ftst\u00e4tigkeiten, Wahrnehmung meiner Aufgaben und Erbringung meiner Leistungen dienen. Die L\u00f6schung der Daten im Hinblick auf vertragliche Leistungen und die vertragliche Kommunikation entspricht den, bei diesen Verarbeitungst\u00e4tigkeiten genannten Angaben.<\/p>\n<p>Ich offenbare oder \u00fcbermittele hierbei Daten an die Finanzverwaltung, Berater, wie z.B., Steuerberater oder Wirtschaftspr\u00fcfer sowie weitere Geb\u00fchrenstellen und Zahlungsdienstleister.<\/p>\n<p>Ferner speichere ich auf Grundlage meiner betriebswirtschaftlichen Interessen Angaben zu Lieferanten, Veranstaltern und sonstigen Gesch\u00e4ftspartnern, z.B. zwecks sp\u00e4terer Kontaktaufnahme. Diese mehrheitlich unternehmensbezogenen Daten, speichere ich grunds\u00e4tzlich dauerhaft.<\/p>\n<p>Bei der Kontaktaufnahme mit mir (z.B. per Kontaktformular, E-Mail, Telefon oder via sozialer Medien) werden die Angaben des Nutzers zur Bearbeitung der Kontaktanfrage und deren Abwicklung gem. Art. 6 Abs. 1 lit. b) DSGVO verarbeitet. Die Angaben der Nutzer k\u00f6nnen in einem Customer-Relationship-Management System (&#8220;CRM System&#8221;) oder vergleichbarer Anfragenorganisation gespeichert werden.<\/p>\n<p>Ich l\u00f6sche die Anfragen, sofern diese nicht mehr erforderlich sind. Ich \u00fcberpr\u00fcfe die Erforderlichkeit alle zwei Jahre; Ferner gelten die gesetzlichen Archivierungspflichten.<\/p>\n<p>Hosting und E-Mail-Versand,<\/p>\n<p>Hierbei verarbeite ich, bzw. mein Hostinganbieter Bestandsdaten, Kontaktdaten, Inhaltsdaten, Vertragsdaten, Nutzungsdaten, Meta- und Kommunikationsdaten von Kunden, Interessenten und Besuchern dieses Onlineangebotes auf Grundlage meiner berechtigten Interessen an einer effizienten und sicheren Zurverf\u00fcgungstellung dieses Onlineangebotes gem. Art. 6 Abs. 1 lit. f DSGVO i.V.m. Art. 28 DSGVO (Abschluss Auftragsverarbeitungsvertrag).<\/p>\n<p>Erhebung von Zugriffsdaten und Logfiles<\/p>\n<p>Ich, bzw. mein Hostinganbieter, erhebt auf Grundlage meiner berechtigten Interessen im Sinne des Art. 6 Abs. 1 lit. f. DSGVO Daten \u00fcber jeden Zugriff auf den Server, auf dem sich dieser Dienst befindet (sogenannte Serverlogfiles). Zu den Zugriffsdaten geh\u00f6ren Name der abgerufenen Webseite, Datei, Datum und Uhrzeit des Abrufs, \u00fcbertragene Datenmenge, Meldung \u00fcber erfolgreichen Abruf, Browsertyp nebst Version, das Betriebssystem des Nutzers, Referrer URL (die zuvor besuchte Seite), IP-Adresse und der anfragende Provider.<\/p>\n<p>Logfile-Informationen werden aus Sicherheitsgr\u00fcnden (z.B. zur Aufkl\u00e4rung von Missbrauchs- oder Betrugshandlungen) f\u00fcr die Dauer von maximal 7 Tagen gespeichert und danach gel\u00f6scht. Daten, deren weitere Aufbewahrung zu Beweiszwecken erforderlich ist, sind bis zur endg\u00fcltigen Kl\u00e4rung des jeweiligen Vorfalls von der L\u00f6schung ausgenommen.<\/p>\n<p>Google Analytics<\/p>\n<p>Ich setze auf Grundlage meines berechtigten Interesses (d.h. Interesse an der Analyse, Optimierung und wirtschaftlichem Betrieb meines Onlineangebotes im Sinne des Art. 6 Abs. 1 lit. f. DSGVO) Google Analytics, einen Webanalysedienst der Google LLC (\u201eGoogle\u201c) ein. Google verwendet Cookies. Die durch das Cookie erzeugten Informationen \u00fcber Benutzung des Onlineangebotes durch die Nutzer werden in der Regel an einen Server von Google in den USA \u00fcbertragen und dort gespeichert.<\/p>\n<p>Google ist unter dem Privacy-Shield-Abkommen zertifiziert und bietet hierdurch eine Garantie, das europ\u00e4ische Datenschutzrecht einzuhalten (https:\/\/www.privacyshield.gov\/participant?id=a2zt000000001L5AAI&amp;status=Active).<\/p>\n<p>Google wird diese Informationen in meinem Auftrag benutzen, um die Nutzung meines Onlineangebotes durch die Nutzer auszuwerten, um Reports \u00fcber die Aktivit\u00e4ten innerhalb dieses Onlineangebotes zusammenzustellen und um weitere, mit der Nutzung dieses Onlineangebotes und der Internetnutzung verbundene Dienstleistungen, mir gegen\u00fcber zu erbringen. Dabei k\u00f6nnen aus den verarbeiteten Daten pseudonyme Nutzungsprofile der Nutzer erstellt werden.<\/p>\n<p>Wir setzen Google Analytics nur mit aktivierter IP-Anonymisierung ein. Das bedeutet, die IP-Adresse der Nutzer wird von Google innerhalb von Mitgliedstaaten der Europ\u00e4ischen Union oder in anderen Vertragsstaaten des Abkommens \u00fcber den Europ\u00e4ischen Wirtschaftsraum gek\u00fcrzt. Nur in Ausnahmef\u00e4llen wird die volle IP-Adresse an einen Server von Google in den USA \u00fcbertragen und dort gek\u00fcrzt.<\/p>\n<p>Die von dem Browser des Nutzers \u00fcbermittelte IP-Adresse wird nicht mit anderen Daten von Google zusammengef\u00fchrt. Die Nutzer k\u00f6nnen die Speicherung der Cookies durch eine entsprechende Einstellung ihrer Browser-Software verhindern; die Nutzer k\u00f6nnen dar\u00fcber hinaus die Erfassung der durch das Cookie erzeugten und auf ihre Nutzung des Onlineangebotes bezogenen Daten an Google sowie die Verarbeitung dieser Daten durch Google verhindern, indem sie das unter folgendem Link verf\u00fcgbare Browser-Plugin herunterladen und installieren: http:\/\/tools.google.com\/dlpage\/gaoptout?hl=de.<\/p>\n<p>Weitere Informationen zur Datennutzung durch Google, Einstellungs- und Widerspruchsm\u00f6glichkeiten, erfahren Sie in der Datenschutzerkl\u00e4rung von Google (https:\/\/policies.google.com\/technologies\/ads) sowie in den Einstellungen f\u00fcr die Darstellung von Werbeeinblendungen durch Google (https:\/\/adssettings.google.com\/authenticated).<\/p>\n<p>Die personenbezogenen Daten der Nutzer werden nach 14 Monaten gel\u00f6scht oder anonymisiert.<\/p>\n","protected":false},"excerpt":{"rendered":"<p>Vertragliche Leistungen Ich verarbeite die Daten meiner Vertragspartner und Interessenten sowie anderer Auftraggeber, Kunden, Mandanten, Klienten oder Vertragspartner (einheitlich bezeichnet als \u201eVertragspartner\u201c) entsprechend Art. 6 Abs. 1 lit. b. DSGVO, [&hellip;]<\/p>\n","protected":false},"author":1,"featured_media":0,"parent":0,"menu_order":0,"comment_status":"closed","ping_status":"closed","template":"templates\/template-full.php","meta":{"footnotes":""},"class_list":["post-439","page","type-page","status-publish","hentry"],"yoast_head":"<!-- This site is optimized with the Yoast SEO plugin v27.4 - https:\/\/yoast.com\/product\/yoast-seo-wordpress\/ -->\n<title>Datenschutzerkl\u00e4rung - Ursula Zimmermann - Ern\u00e4hrungsberatung und -therapie<\/title>\n<meta name=\"robots\" content=\"index, follow, max-snippet:-1, max-image-preview:large, max-video-preview:-1\" \/>\n<link rel=\"canonical\" href=\"https:\/\/uz-ernaehrungsinfo.de\/?page_id=439\" \/>\n<meta property=\"og:locale\" content=\"de_DE\" \/>\n<meta property=\"og:type\" content=\"article\" \/>\n<meta property=\"og:title\" content=\"Datenschutzerkl\u00e4rung - Ursula Zimmermann - Ern\u00e4hrungsberatung und -therapie\" \/>\n<meta property=\"og:description\" content=\"Vertragliche Leistungen Ich verarbeite die Daten meiner Vertragspartner und Interessenten sowie anderer Auftraggeber, Kunden, Mandanten, Klienten oder Vertragspartner (einheitlich bezeichnet als \u201eVertragspartner\u201c) entsprechend Art. 6 Abs. 1 lit. b. DSGVO, [&hellip;]\" \/>\n<meta property=\"og:url\" content=\"https:\/\/uz-ernaehrungsinfo.de\/?page_id=439\" \/>\n<meta property=\"og:site_name\" content=\"Ursula Zimmermann - Ern\u00e4hrungsberatung und -therapie\" \/>\n<meta property=\"article:modified_time\" content=\"2020-08-08T10:47:42+00:00\" \/>\n<meta name=\"twitter:card\" content=\"summary_large_image\" \/>\n<meta name=\"twitter:label1\" content=\"Gesch\u00e4tzte Lesezeit\" \/>\n\t<meta name=\"twitter:data1\" content=\"6\u00a0Minuten\" \/>\n<script type=\"application\/ld+json\" class=\"yoast-schema-graph\">{\"@context\":\"https:\\\/\\\/schema.org\",\"@graph\":[{\"@type\":\"WebPage\",\"@id\":\"https:\\\/\\\/uz-ernaehrungsinfo.de\\\/?page_id=439\",\"url\":\"https:\\\/\\\/uz-ernaehrungsinfo.de\\\/?page_id=439\",\"name\":\"Datenschutzerkl\u00e4rung - Ursula Zimmermann - Ern\u00e4hrungsberatung und -therapie\",\"isPartOf\":{\"@id\":\"https:\\\/\\\/uz-ernaehrungsinfo.de\\\/#website\"},\"datePublished\":\"2018-06-14T14:56:50+00:00\",\"dateModified\":\"2020-08-08T10:47:42+00:00\",\"breadcrumb\":{\"@id\":\"https:\\\/\\\/uz-ernaehrungsinfo.de\\\/?page_id=439#breadcrumb\"},\"inLanguage\":\"de\",\"potentialAction\":[{\"@type\":\"ReadAction\",\"target\":[\"https:\\\/\\\/uz-ernaehrungsinfo.de\\\/?page_id=439\"]}]},{\"@type\":\"BreadcrumbList\",\"@id\":\"https:\\\/\\\/uz-ernaehrungsinfo.de\\\/?page_id=439#breadcrumb\",\"itemListElement\":[{\"@type\":\"ListItem\",\"position\":1,\"name\":\"Startseite\",\"item\":\"https:\\\/\\\/uz-ernaehrungsinfo.de\\\/\"},{\"@type\":\"ListItem\",\"position\":2,\"name\":\"Datenschutzerkl\u00e4rung\"}]},{\"@type\":\"WebSite\",\"@id\":\"https:\\\/\\\/uz-ernaehrungsinfo.de\\\/#website\",\"url\":\"https:\\\/\\\/uz-ernaehrungsinfo.de\\\/\",\"name\":\"Ursula Zimmermann - Ern\u00e4hrungsberatung und -therapie\",\"description\":\"Ursula Zimmermann - Ern\u00e4hrungsberatung und -therapie\",\"potentialAction\":[{\"@type\":\"SearchAction\",\"target\":{\"@type\":\"EntryPoint\",\"urlTemplate\":\"https:\\\/\\\/uz-ernaehrungsinfo.de\\\/?s={search_term_string}\"},\"query-input\":{\"@type\":\"PropertyValueSpecification\",\"valueRequired\":true,\"valueName\":\"search_term_string\"}}],\"inLanguage\":\"de\"}]}<\/script>\n<!-- \/ Yoast SEO plugin. -->","yoast_head_json":{"title":"Datenschutzerkl\u00e4rung - Ursula Zimmermann - Ern\u00e4hrungsberatung und -therapie","robots":{"index":"index","follow":"follow","max-snippet":"max-snippet:-1","max-image-preview":"max-image-preview:large","max-video-preview":"max-video-preview:-1"},"canonical":"https:\/\/uz-ernaehrungsinfo.de\/?page_id=439","og_locale":"de_DE","og_type":"article","og_title":"Datenschutzerkl\u00e4rung - Ursula Zimmermann - Ern\u00e4hrungsberatung und -therapie","og_description":"Vertragliche Leistungen Ich verarbeite die Daten meiner Vertragspartner und Interessenten sowie anderer Auftraggeber, Kunden, Mandanten, Klienten oder Vertragspartner (einheitlich bezeichnet als \u201eVertragspartner\u201c) entsprechend Art. 6 Abs. 1 lit. b. DSGVO, [&hellip;]","og_url":"https:\/\/uz-ernaehrungsinfo.de\/?page_id=439","og_site_name":"Ursula Zimmermann - Ern\u00e4hrungsberatung und -therapie","article_modified_time":"2020-08-08T10:47:42+00:00","twitter_card":"summary_large_image","twitter_misc":{"Gesch\u00e4tzte Lesezeit":"6\u00a0Minuten"},"schema":{"@context":"https:\/\/schema.org","@graph":[{"@type":"WebPage","@id":"https:\/\/uz-ernaehrungsinfo.de\/?page_id=439","url":"https:\/\/uz-ernaehrungsinfo.de\/?page_id=439","name":"Datenschutzerkl\u00e4rung - Ursula Zimmermann - Ern\u00e4hrungsberatung und -therapie","isPartOf":{"@id":"https:\/\/uz-ernaehrungsinfo.de\/#website"},"datePublished":"2018-06-14T14:56:50+00:00","dateModified":"2020-08-08T10:47:42+00:00","breadcrumb":{"@id":"https:\/\/uz-ernaehrungsinfo.de\/?page_id=439#breadcrumb"},"inLanguage":"de","potentialAction":[{"@type":"ReadAction","target":["https:\/\/uz-ernaehrungsinfo.de\/?page_id=439"]}]},{"@type":"BreadcrumbList","@id":"https:\/\/uz-ernaehrungsinfo.de\/?page_id=439#breadcrumb","itemListElement":[{"@type":"ListItem","position":1,"name":"Startseite","item":"https:\/\/uz-ernaehrungsinfo.de\/"},{"@type":"ListItem","position":2,"name":"Datenschutzerkl\u00e4rung"}]},{"@type":"WebSite","@id":"https:\/\/uz-ernaehrungsinfo.de\/#website","url":"https:\/\/uz-ernaehrungsinfo.de\/","name":"Ursula Zimmermann - Ern\u00e4hrungsberatung und -therapie","description":"Ursula Zimmermann - Ern\u00e4hrungsberatung und -therapie","potentialAction":[{"@type":"SearchAction","target":{"@type":"EntryPoint","urlTemplate":"https:\/\/uz-ernaehrungsinfo.de\/?s={search_term_string}"},"query-input":{"@type":"PropertyValueSpecification","valueRequired":true,"valueName":"search_term_string"}}],"inLanguage":"de"}]}},"_links":{"self":[{"href":"https:\/\/uz-ernaehrungsinfo.de\/index.php?rest_route=\/wp\/v2\/pages\/439","targetHints":{"allow":["GET"]}}],"collection":[{"href":"https:\/\/uz-ernaehrungsinfo.de\/index.php?rest_route=\/wp\/v2\/pages"}],"about":[{"href":"https:\/\/uz-ernaehrungsinfo.de\/index.php?rest_route=\/wp\/v2\/types\/page"}],"author":[{"embeddable":true,"href":"https:\/\/uz-ernaehrungsinfo.de\/index.php?rest_route=\/wp\/v2\/users\/1"}],"replies":[{"embeddable":true,"href":"https:\/\/uz-ernaehrungsinfo.de\/index.php?rest_route=%2Fwp%2Fv2%2Fcomments&post=439"}],"version-history":[{"count":2,"href":"https:\/\/uz-ernaehrungsinfo.de\/index.php?rest_route=\/wp\/v2\/pages\/439\/revisions"}],"predecessor-version":[{"id":843,"href":"https:\/\/uz-ernaehrungsinfo.de\/index.php?rest_route=\/wp\/v2\/pages\/439\/revisions\/843"}],"wp:attachment":[{"href":"https:\/\/uz-ernaehrungsinfo.de\/index.php?rest_route=%2Fwp%2Fv2%2Fmedia&parent=439"}],"curies":[{"name":"wp","href":"https:\/\/api.w.org\/{rel}","templated":true}]}}