{"id":146,"date":"2016-08-31T15:44:51","date_gmt":"2016-08-31T13:44:51","guid":{"rendered":"http:\/\/uz-ernaehrungsinfo.de\/?page_id=146"},"modified":"2019-02-04T10:58:35","modified_gmt":"2019-02-04T08:58:35","slug":"handouts-passwortgeschuetzt","status":"publish","type":"page","link":"https:\/\/uz-ernaehrungsinfo.de\/?page_id=146","title":{"rendered":"Handouts (passwortgesch\u00fctzt)"},"content":{"rendered":"","protected":true},"excerpt":{"rendered":"","protected":true},"author":1,"featured_media":0,"parent":0,"menu_order":0,"comment_status":"closed","ping_status":"closed","template":"templates\/template-full.php","meta":{"footnotes":""},"class_list":["post-146","page","type-page","status-publish","post-password-required","hentry"],"yoast_head":"<!-- This site is optimized with the Yoast SEO plugin v27.5 - https:\/\/yoast.com\/product\/yoast-seo-wordpress\/ -->\n<title>Handouts (passwortgesch\u00fctzt) - Ursula Zimmermann - Ern\u00e4hrungsberatung und -therapie<\/title>\n<meta name=\"robots\" content=\"index, follow, max-snippet:-1, max-image-preview:large, max-video-preview:-1\" \/>\n<link rel=\"canonical\" href=\"https:\/\/uz-ernaehrungsinfo.de\/?page_id=146\" \/>\n<meta property=\"og:locale\" content=\"de_DE\" \/>\n<meta property=\"og:type\" content=\"article\" \/>\n<meta property=\"og:title\" content=\"Handouts (passwortgesch\u00fctzt) - Ursula Zimmermann - Ern\u00e4hrungsberatung und -therapie\" \/>\n<meta property=\"og:description\" content=\"Es gibt keinen Textauszug, da dies ein gesch\u00fctzter Beitrag ist.\" \/>\n<meta property=\"og:url\" content=\"https:\/\/uz-ernaehrungsinfo.de\/?page_id=146\" \/>\n<meta property=\"og:site_name\" content=\"Ursula Zimmermann - Ern\u00e4hrungsberatung und -therapie\" \/>\n<meta property=\"article:modified_time\" content=\"2019-02-04T08:58:35+00:00\" \/>\n<meta name=\"twitter:card\" content=\"summary_large_image\" \/>\n<script type=\"application\/ld+json\" class=\"yoast-schema-graph\">{\"@context\":\"https:\\\/\\\/schema.org\",\"@graph\":[{\"@type\":\"WebPage\",\"@id\":\"https:\\\/\\\/uz-ernaehrungsinfo.de\\\/?page_id=146\",\"url\":\"https:\\\/\\\/uz-ernaehrungsinfo.de\\\/?page_id=146\",\"name\":\"Handouts (passwortgesch\u00fctzt) - Ursula Zimmermann - Ern\u00e4hrungsberatung und -therapie\",\"isPartOf\":{\"@id\":\"https:\\\/\\\/uz-ernaehrungsinfo.de\\\/#website\"},\"datePublished\":\"2016-08-31T13:44:51+00:00\",\"dateModified\":\"2019-02-04T08:58:35+00:00\",\"breadcrumb\":{\"@id\":\"https:\\\/\\\/uz-ernaehrungsinfo.de\\\/?page_id=146#breadcrumb\"},\"inLanguage\":\"de\"},{\"@type\":\"WebSite\",\"@id\":\"https:\\\/\\\/uz-ernaehrungsinfo.de\\\/#website\",\"url\":\"https:\\\/\\\/uz-ernaehrungsinfo.de\\\/\",\"name\":\"Ursula Zimmermann - Ern\u00e4hrungsberatung und -therapie\",\"description\":\"Ursula Zimmermann - Ern\u00e4hrungsberatung und -therapie\",\"potentialAction\":[{\"@type\":\"SearchAction\",\"target\":{\"@type\":\"EntryPoint\",\"urlTemplate\":\"https:\\\/\\\/uz-ernaehrungsinfo.de\\\/?s={search_term_string}\"},\"query-input\":{\"@type\":\"PropertyValueSpecification\",\"valueRequired\":true,\"valueName\":\"search_term_string\"}}],\"inLanguage\":\"de\"}]}<\/script>\n<!-- \/ Yoast SEO plugin. -->","yoast_head_json":{"title":"Handouts (passwortgesch\u00fctzt) - Ursula Zimmermann - Ern\u00e4hrungsberatung und -therapie","robots":{"index":"index","follow":"follow","max-snippet":"max-snippet:-1","max-image-preview":"max-image-preview:large","max-video-preview":"max-video-preview:-1"},"canonical":"https:\/\/uz-ernaehrungsinfo.de\/?page_id=146","og_locale":"de_DE","og_type":"article","og_title":"Handouts (passwortgesch\u00fctzt) - Ursula Zimmermann - Ern\u00e4hrungsberatung und -therapie","og_description":"Es gibt keinen Textauszug, da dies ein gesch\u00fctzter Beitrag ist.","og_url":"https:\/\/uz-ernaehrungsinfo.de\/?page_id=146","og_site_name":"Ursula Zimmermann - Ern\u00e4hrungsberatung und -therapie","article_modified_time":"2019-02-04T08:58:35+00:00","twitter_card":"summary_large_image","schema":{"@context":"https:\/\/schema.org","@graph":[{"@type":"WebPage","@id":"https:\/\/uz-ernaehrungsinfo.de\/?page_id=146","url":"https:\/\/uz-ernaehrungsinfo.de\/?page_id=146","name":"Handouts (passwortgesch\u00fctzt) - Ursula Zimmermann - Ern\u00e4hrungsberatung und -therapie","isPartOf":{"@id":"https:\/\/uz-ernaehrungsinfo.de\/#website"},"datePublished":"2016-08-31T13:44:51+00:00","dateModified":"2019-02-04T08:58:35+00:00","breadcrumb":{"@id":"https:\/\/uz-ernaehrungsinfo.de\/?page_id=146#breadcrumb"},"inLanguage":"de"},{"@type":"WebSite","@id":"https:\/\/uz-ernaehrungsinfo.de\/#website","url":"https:\/\/uz-ernaehrungsinfo.de\/","name":"Ursula Zimmermann - Ern\u00e4hrungsberatung und -therapie","description":"Ursula Zimmermann - Ern\u00e4hrungsberatung und -therapie","potentialAction":[{"@type":"SearchAction","target":{"@type":"EntryPoint","urlTemplate":"https:\/\/uz-ernaehrungsinfo.de\/?s={search_term_string}"},"query-input":{"@type":"PropertyValueSpecification","valueRequired":true,"valueName":"search_term_string"}}],"inLanguage":"de"}]}},"_links":{"self":[{"href":"https:\/\/uz-ernaehrungsinfo.de\/index.php?rest_route=\/wp\/v2\/pages\/146","targetHints":{"allow":["GET"]}}],"collection":[{"href":"https:\/\/uz-ernaehrungsinfo.de\/index.php?rest_route=\/wp\/v2\/pages"}],"about":[{"href":"https:\/\/uz-ernaehrungsinfo.de\/index.php?rest_route=\/wp\/v2\/types\/page"}],"author":[{"embeddable":true,"href":"https:\/\/uz-ernaehrungsinfo.de\/index.php?rest_route=\/wp\/v2\/users\/1"}],"replies":[{"embeddable":true,"href":"https:\/\/uz-ernaehrungsinfo.de\/index.php?rest_route=%2Fwp%2Fv2%2Fcomments&post=146"}],"version-history":[{"count":10,"href":"https:\/\/uz-ernaehrungsinfo.de\/index.php?rest_route=\/wp\/v2\/pages\/146\/revisions"}],"predecessor-version":[{"id":384,"href":"https:\/\/uz-ernaehrungsinfo.de\/index.php?rest_route=\/wp\/v2\/pages\/146\/revisions\/384"}],"wp:attachment":[{"href":"https:\/\/uz-ernaehrungsinfo.de\/index.php?rest_route=%2Fwp%2Fv2%2Fmedia&parent=146"}],"curies":[{"name":"wp","href":"https:\/\/api.w.org\/{rel}","templated":true}]}}