{"id":12,"date":"2016-07-29T09:46:28","date_gmt":"2016-07-29T09:46:28","guid":{"rendered":"http:\/\/uz-ernaehrungsinfo.de\/?page_id=12"},"modified":"2021-01-31T16:57:27","modified_gmt":"2021-01-31T14:57:27","slug":"startseite","status":"publish","type":"page","link":"https:\/\/uz-ernaehrungsinfo.de\/","title":{"rendered":"Startseite"},"content":{"rendered":"<div id=\"pl-12\" class=\"panel-layout\">\n<div id=\"pg-12-0\" class=\"panel-grid panel-no-style\">\n<div id=\"pgc-12-0-0\" class=\"panel-grid-cell\" data-weight=\"1\">\n<div id=\"panel-12-0-0-0\" class=\"so-panel widget widget_smartslider3 panel-first-child panel-last-child\" data-index=\"0\" data-style=\"{&quot;background_image_attachment&quot;:false,&quot;background_display&quot;:&quot;tile&quot;}\"><\/div>\n<\/div>\n<\/div>\n<div id=\"pg-12-1\" class=\"panel-grid panel-no-style\">\n<div id=\"pgc-12-1-0\" class=\"panel-grid-cell\" data-weight=\"0.38196600790794\">\n<div id=\"panel-12-1-0-0\" class=\"so-panel widget widget_sow-image panel-first-child panel-last-child\" data-index=\"1\" data-style=\"{&quot;background_display&quot;:&quot;tile&quot;}\"><div\n\t\t\t\n\t\t\tclass=\"so-widget-sow-image so-widget-sow-image-default-8b5b6f678277\"\n\t\t\t\n\t\t><\/div><\/div>\n<\/div>\n<div id=\"pgc-12-1-1\" class=\"panel-grid-cell\" data-weight=\"0.61803399209206\">\n<div id=\"panel-12-1-1-0\" class=\"so-panel widget widget_sow-editor panel-first-child\" data-index=\"2\" data-style=\"{&quot;background_display&quot;:&quot;tile&quot;}\">\n<div class=\"so-widget-sow-editor so-widget-sow-editor-base\">\n<div class=\"siteorigin-widget-tinymce textwidget\">&nbsp;<\/div>\n<\/div>\n<\/div>\n<div id=\"panel-12-1-1-1\" class=\"so-panel widget widget_sow-editor panel-last-child\" data-index=\"3\" data-style=\"{&quot;background_display&quot;:&quot;tile&quot;}\">\n<div class=\"so-widget-sow-editor so-widget-sow-editor-base\">\n<div class=\"siteorigin-widget-tinymce textwidget\">\n<h3>&nbsp;<\/h3>\n<h2>Dipl. oec. troph. FH<br>staatl. gepr. Di\u00e4tassistentin &#8211; VDD*<br>Erzieherin &#8211; zertifizierte Naturp\u00e4dagogin<\/h2>\n<h5>Ern\u00e4hrungstherapie und P\u00e4dagogik<\/h5>\n<p>Ganzheitliche Verfahren<br>Einzel- und Gruppenberatung<br>Orthomolekulare Therapie<\/p>\n<p>*Mitglied und Fortbildungszertifikat des Verbandes Deutscher Di\u00e4tassistenten e. V.<br>&gt;&gt;&gt; <a href=\"http:\/\/uz-ernaehrungsinfo.de\/wp-content\/uploads\/2019\/02\/VDD-Zertifikat-2022.pdf\">VDD-Zertifikat 2022<\/a><\/p>\n<h5>Sprechstunden im:<\/h5>\n<p><span style=\"color: #800000;\">Familienzentrum Loheland<\/span>,&nbsp; 36093 K\u00fcnzell<\/p>\n<p>und <span style=\"color: #800000;\">Hausbesuche<\/span><\/p>\n<h6>B\u00fcro: Hasenhof 1, 36160 Dipperz<br>mobil: 0151 515 77393 und 06657 &#8211; 918 35 35 (AB)<\/h6>\n<\/div>\n<\/div>\n<\/div>\n<\/div>\n<\/div>\n<\/div>\n\n\n<div class=\"wp-block-image\"><figure class=\"aligncenter size-large is-resized\"><img fetchpriority=\"high\" decoding=\"async\" src=\"https:\/\/uz-ernaehrungsinfo.de\/wp-content\/uploads\/2016\/08\/image006-679x1024.jpg\" alt=\"\" class=\"wp-image-46\" width=\"327\" height=\"492\" srcset=\"https:\/\/uz-ernaehrungsinfo.de\/wp-content\/uploads\/2016\/08\/image006-679x1024.jpg 679w, https:\/\/uz-ernaehrungsinfo.de\/wp-content\/uploads\/2016\/08\/image006-199x300.jpg 199w, https:\/\/uz-ernaehrungsinfo.de\/wp-content\/uploads\/2016\/08\/image006-663x1000.jpg 663w, https:\/\/uz-ernaehrungsinfo.de\/wp-content\/uploads\/2016\/08\/image006.jpg 767w\" sizes=\"(max-width: 327px) 100vw, 327px\" \/><\/figure><\/div>\n","protected":false},"excerpt":{"rendered":"<p>&nbsp; &nbsp; Dipl. oec. troph. FHstaatl. gepr. Di\u00e4tassistentin &#8211; VDD*Erzieherin &#8211; zertifizierte Naturp\u00e4dagogin Ern\u00e4hrungstherapie und P\u00e4dagogik Ganzheitliche VerfahrenEinzel- und GruppenberatungOrthomolekulare Therapie *Mitglied und Fortbildungszertifikat des Verbandes Deutscher Di\u00e4tassistenten e. V.&gt;&gt;&gt; [&hellip;]<\/p>\n","protected":false},"author":1,"featured_media":0,"parent":0,"menu_order":0,"comment_status":"closed","ping_status":"closed","template":"templates\/template-full-no-title.php","meta":{"footnotes":""},"class_list":["post-12","page","type-page","status-publish","hentry"],"yoast_head":"<!-- This site is optimized with the Yoast SEO plugin v27.5 - https:\/\/yoast.com\/product\/yoast-seo-wordpress\/ -->\n<title>Startseite - Ursula Zimmermann - Ern\u00e4hrungsberatung und -therapie<\/title>\n<meta name=\"robots\" content=\"index, follow, max-snippet:-1, max-image-preview:large, max-video-preview:-1\" \/>\n<link rel=\"canonical\" href=\"https:\/\/uz-ernaehrungsinfo.de\/\" \/>\n<meta property=\"og:locale\" content=\"de_DE\" \/>\n<meta property=\"og:type\" content=\"article\" \/>\n<meta property=\"og:title\" content=\"Startseite - Ursula Zimmermann - Ern\u00e4hrungsberatung und -therapie\" \/>\n<meta property=\"og:description\" content=\"&nbsp; &nbsp; Dipl. oec. troph. FHstaatl. gepr. Di\u00e4tassistentin &#8211; VDD*Erzieherin &#8211; zertifizierte Naturp\u00e4dagogin Ern\u00e4hrungstherapie und P\u00e4dagogik Ganzheitliche VerfahrenEinzel- und GruppenberatungOrthomolekulare Therapie *Mitglied und Fortbildungszertifikat des Verbandes Deutscher Di\u00e4tassistenten e. V.&gt;&gt;&gt; [&hellip;]\" \/>\n<meta property=\"og:url\" content=\"https:\/\/uz-ernaehrungsinfo.de\/\" \/>\n<meta property=\"og:site_name\" content=\"Ursula Zimmermann - Ern\u00e4hrungsberatung und -therapie\" \/>\n<meta property=\"article:modified_time\" content=\"2021-01-31T14:57:27+00:00\" \/>\n<meta property=\"og:image\" content=\"https:\/\/uz-ernaehrungsinfo.de\/wp-content\/uploads\/2016\/08\/image006-679x1024.jpg\" \/>\n<meta name=\"twitter:card\" content=\"summary_large_image\" \/>\n<meta name=\"twitter:label1\" content=\"Gesch\u00e4tzte Lesezeit\" \/>\n\t<meta name=\"twitter:data1\" content=\"1\u00a0Minute\" \/>\n<script type=\"application\/ld+json\" class=\"yoast-schema-graph\">{\"@context\":\"https:\\\/\\\/schema.org\",\"@graph\":[{\"@type\":\"WebPage\",\"@id\":\"https:\\\/\\\/uz-ernaehrungsinfo.de\\\/\",\"url\":\"https:\\\/\\\/uz-ernaehrungsinfo.de\\\/\",\"name\":\"Startseite - Ursula Zimmermann - Ern\u00e4hrungsberatung und -therapie\",\"isPartOf\":{\"@id\":\"https:\\\/\\\/uz-ernaehrungsinfo.de\\\/#website\"},\"primaryImageOfPage\":{\"@id\":\"https:\\\/\\\/uz-ernaehrungsinfo.de\\\/#primaryimage\"},\"image\":{\"@id\":\"https:\\\/\\\/uz-ernaehrungsinfo.de\\\/#primaryimage\"},\"thumbnailUrl\":\"https:\\\/\\\/uz-ernaehrungsinfo.de\\\/wp-content\\\/uploads\\\/2016\\\/08\\\/image006-679x1024.jpg\",\"datePublished\":\"2016-07-29T09:46:28+00:00\",\"dateModified\":\"2021-01-31T14:57:27+00:00\",\"breadcrumb\":{\"@id\":\"https:\\\/\\\/uz-ernaehrungsinfo.de\\\/#breadcrumb\"},\"inLanguage\":\"de\",\"potentialAction\":[{\"@type\":\"ReadAction\",\"target\":[\"https:\\\/\\\/uz-ernaehrungsinfo.de\\\/\"]}]},{\"@type\":\"ImageObject\",\"inLanguage\":\"de\",\"@id\":\"https:\\\/\\\/uz-ernaehrungsinfo.de\\\/#primaryimage\",\"url\":\"https:\\\/\\\/uz-ernaehrungsinfo.de\\\/wp-content\\\/uploads\\\/2016\\\/08\\\/image006-679x1024.jpg\",\"contentUrl\":\"https:\\\/\\\/uz-ernaehrungsinfo.de\\\/wp-content\\\/uploads\\\/2016\\\/08\\\/image006-679x1024.jpg\"},{\"@type\":\"BreadcrumbList\",\"@id\":\"https:\\\/\\\/uz-ernaehrungsinfo.de\\\/#breadcrumb\",\"itemListElement\":[{\"@type\":\"ListItem\",\"position\":1,\"name\":\"Startseite\",\"item\":\"https:\\\/\\\/uz-ernaehrungsinfo.de\\\/\"},{\"@type\":\"ListItem\",\"position\":2,\"name\":\"Startseite\"}]},{\"@type\":\"WebSite\",\"@id\":\"https:\\\/\\\/uz-ernaehrungsinfo.de\\\/#website\",\"url\":\"https:\\\/\\\/uz-ernaehrungsinfo.de\\\/\",\"name\":\"Ursula Zimmermann - Ern\u00e4hrungsberatung und -therapie\",\"description\":\"Ursula Zimmermann - Ern\u00e4hrungsberatung und -therapie\",\"potentialAction\":[{\"@type\":\"SearchAction\",\"target\":{\"@type\":\"EntryPoint\",\"urlTemplate\":\"https:\\\/\\\/uz-ernaehrungsinfo.de\\\/?s={search_term_string}\"},\"query-input\":{\"@type\":\"PropertyValueSpecification\",\"valueRequired\":true,\"valueName\":\"search_term_string\"}}],\"inLanguage\":\"de\"}]}<\/script>\n<!-- \/ Yoast SEO plugin. -->","yoast_head_json":{"title":"Startseite - Ursula Zimmermann - Ern\u00e4hrungsberatung und -therapie","robots":{"index":"index","follow":"follow","max-snippet":"max-snippet:-1","max-image-preview":"max-image-preview:large","max-video-preview":"max-video-preview:-1"},"canonical":"https:\/\/uz-ernaehrungsinfo.de\/","og_locale":"de_DE","og_type":"article","og_title":"Startseite - Ursula Zimmermann - Ern\u00e4hrungsberatung und -therapie","og_description":"&nbsp; &nbsp; Dipl. oec. troph. FHstaatl. gepr. Di\u00e4tassistentin &#8211; VDD*Erzieherin &#8211; zertifizierte Naturp\u00e4dagogin Ern\u00e4hrungstherapie und P\u00e4dagogik Ganzheitliche VerfahrenEinzel- und GruppenberatungOrthomolekulare Therapie *Mitglied und Fortbildungszertifikat des Verbandes Deutscher Di\u00e4tassistenten e. V.&gt;&gt;&gt; [&hellip;]","og_url":"https:\/\/uz-ernaehrungsinfo.de\/","og_site_name":"Ursula Zimmermann - Ern\u00e4hrungsberatung und -therapie","article_modified_time":"2021-01-31T14:57:27+00:00","og_image":[{"url":"https:\/\/uz-ernaehrungsinfo.de\/wp-content\/uploads\/2016\/08\/image006-679x1024.jpg","type":"","width":"","height":""}],"twitter_card":"summary_large_image","twitter_misc":{"Gesch\u00e4tzte Lesezeit":"1\u00a0Minute"},"schema":{"@context":"https:\/\/schema.org","@graph":[{"@type":"WebPage","@id":"https:\/\/uz-ernaehrungsinfo.de\/","url":"https:\/\/uz-ernaehrungsinfo.de\/","name":"Startseite - Ursula Zimmermann - Ern\u00e4hrungsberatung und -therapie","isPartOf":{"@id":"https:\/\/uz-ernaehrungsinfo.de\/#website"},"primaryImageOfPage":{"@id":"https:\/\/uz-ernaehrungsinfo.de\/#primaryimage"},"image":{"@id":"https:\/\/uz-ernaehrungsinfo.de\/#primaryimage"},"thumbnailUrl":"https:\/\/uz-ernaehrungsinfo.de\/wp-content\/uploads\/2016\/08\/image006-679x1024.jpg","datePublished":"2016-07-29T09:46:28+00:00","dateModified":"2021-01-31T14:57:27+00:00","breadcrumb":{"@id":"https:\/\/uz-ernaehrungsinfo.de\/#breadcrumb"},"inLanguage":"de","potentialAction":[{"@type":"ReadAction","target":["https:\/\/uz-ernaehrungsinfo.de\/"]}]},{"@type":"ImageObject","inLanguage":"de","@id":"https:\/\/uz-ernaehrungsinfo.de\/#primaryimage","url":"https:\/\/uz-ernaehrungsinfo.de\/wp-content\/uploads\/2016\/08\/image006-679x1024.jpg","contentUrl":"https:\/\/uz-ernaehrungsinfo.de\/wp-content\/uploads\/2016\/08\/image006-679x1024.jpg"},{"@type":"BreadcrumbList","@id":"https:\/\/uz-ernaehrungsinfo.de\/#breadcrumb","itemListElement":[{"@type":"ListItem","position":1,"name":"Startseite","item":"https:\/\/uz-ernaehrungsinfo.de\/"},{"@type":"ListItem","position":2,"name":"Startseite"}]},{"@type":"WebSite","@id":"https:\/\/uz-ernaehrungsinfo.de\/#website","url":"https:\/\/uz-ernaehrungsinfo.de\/","name":"Ursula Zimmermann - Ern\u00e4hrungsberatung und -therapie","description":"Ursula Zimmermann - Ern\u00e4hrungsberatung und -therapie","potentialAction":[{"@type":"SearchAction","target":{"@type":"EntryPoint","urlTemplate":"https:\/\/uz-ernaehrungsinfo.de\/?s={search_term_string}"},"query-input":{"@type":"PropertyValueSpecification","valueRequired":true,"valueName":"search_term_string"}}],"inLanguage":"de"}]}},"_links":{"self":[{"href":"https:\/\/uz-ernaehrungsinfo.de\/index.php?rest_route=\/wp\/v2\/pages\/12","targetHints":{"allow":["GET"]}}],"collection":[{"href":"https:\/\/uz-ernaehrungsinfo.de\/index.php?rest_route=\/wp\/v2\/pages"}],"about":[{"href":"https:\/\/uz-ernaehrungsinfo.de\/index.php?rest_route=\/wp\/v2\/types\/page"}],"author":[{"embeddable":true,"href":"https:\/\/uz-ernaehrungsinfo.de\/index.php?rest_route=\/wp\/v2\/users\/1"}],"replies":[{"embeddable":true,"href":"https:\/\/uz-ernaehrungsinfo.de\/index.php?rest_route=%2Fwp%2Fv2%2Fcomments&post=12"}],"version-history":[{"count":30,"href":"https:\/\/uz-ernaehrungsinfo.de\/index.php?rest_route=\/wp\/v2\/pages\/12\/revisions"}],"predecessor-version":[{"id":1006,"href":"https:\/\/uz-ernaehrungsinfo.de\/index.php?rest_route=\/wp\/v2\/pages\/12\/revisions\/1006"}],"wp:attachment":[{"href":"https:\/\/uz-ernaehrungsinfo.de\/index.php?rest_route=%2Fwp%2Fv2%2Fmedia&parent=12"}],"curies":[{"name":"wp","href":"https:\/\/api.w.org\/{rel}","templated":true}]}}